{"id":466,"date":"2025-10-10T20:24:09","date_gmt":"2025-10-10T20:24:09","guid":{"rendered":"https:\/\/ursischiegnitz.de\/art\/?page_id=466"},"modified":"2025-10-10T20:27:02","modified_gmt":"2025-10-10T20:27:02","slug":"impressum","status":"publish","type":"page","link":"https:\/\/ursischiegnitz.de\/art\/impressum\/","title":{"rendered":"Impressum"},"content":{"rendered":"\n<p>Ursi Schiegnitz<br>Blankenburger Stra\u00dfe 27<br>13156 Berlin<br><br>Arbeitet in Berlin und Frankreich.<br><br>Wenn Sie an meinen Arbeiten interessiert sind,<br>dann melden Sie sich doch einfach bei mir:<br><br><a href=\"mailto:ursiberlin@icloud.com\">ursiberlin@icloud.com<\/a><br><br>\u00a9 und verantwortlich f\u00fcr den Inhalt der Seite:<br>Ursi Schiegnitz, Steuer-Nr. 31\/510\/63731<br><br><br>Datenschutzerkl\u00e4rung<br><br>Datenschutz<br>Die Betreiber dieser Seiten nehmen den Schutz Ihrer pers\u00f6nlichen Daten sehr ernst. Wir behandeln Ihre personenbezogenen Daten vertraulich und entsprechend der gesetzlichen Datenschutzvorschriften sowie dieser Datenschutzerkl\u00e4rung. Die Nutzung unserer Webseite ist in der Regel ohne Angabe personenbezogener Daten m\u00f6glich. Soweit auf unseren Seiten personenbezogene Daten (beispielsweise Name, Anschrift oder E-Mail-Adressen) erhoben werden, erfolgt dies, soweit m\u00f6glich, stets auf freiwilliger Basis. Diese Daten werden ohne Ihre ausdr\u00fcckliche Zustimmung nicht an Dritte weitergegeben. Wir weisen darauf hin, dass die Daten\u00fcbertragung im Internet (z.B. bei der Kommunikation per E-Mail) Sicherheitsl\u00fccken aufwei- sen kann. Ein l\u00fcckenloser Schutz der Daten vor dem Zugriff durch Dritte ist nicht m\u00f6glich.<br><br>Server-Log-Files<br>Der Provider der Seiten erhebt und speichert automatisch Informationen in so genannten Server-Log Files, die Ihr Browser automatisch an uns \u00fcbermittelt. Dies sind: Browsertyp und Browserversion verwendetes Betriebssystem Referrer URL Hostname des zugreifenden Rechners Uhrzeit der Serveranfrage Diese Daten sind nicht bestimmten Personen zuordenbar. Eine Zusammenf\u00fchrung dieser Daten mit anderen Datenquellen wird nicht vorgenommen. Wir behalten uns vor, diese Daten nachtr\u00e4glich zu pr\u00fcfen, wenn uns konkrete Anhaltspunkte f\u00fcr eine rechtswidrige Nutzung bekannt werden.<br><br>Recht auf Auskunft, L\u00f6schung, Sperrung<br>Sie haben jederzeit das Recht auf unentgeltliche Auskunft \u00fcber Ihre gespeicherten personenbezogenen Daten, deren Herkunft und Empf\u00e4nger und den Zweck der Datenverarbeitung sowie ein Recht auf Berichtigung, Sperrung oder L\u00f6schung dieser Daten. Hierzu sowie zu weiteren Fragen zum Thema personenbezogene Daten k\u00f6nnen Sie sich jederzeit unter der im Impressum angegebenen Adresse an uns wenden.<br><br>Widerspruch Werbe-Mails<br>Der Nutzung von im Rahmen der Impressumspflicht ver\u00f6ffentlichten Kontaktdaten zur \u00dcbersendung von nicht ausdr\u00fccklich angeforderter Werbung und Informationsmaterialien wird hiermit widersprochen. Die Betreiber der Seiten behalten sich ausdr\u00fccklich rechtliche Schritte im Falle der unverlangten Zusendung von Werbeinformationen, etwa durch Spam-E-Mails, vor.<\/p>\n","protected":false},"excerpt":{"rendered":"<p>Ursi SchiegnitzBlankenburger Stra\u00dfe 2713156 Berlin Arbeitet in Berlin und Frankreich. Wenn Sie an meinen Arbeiten interessiert sind,dann melden Sie sich doch einfach bei mir: ursiberlin@icloud.com \u00a9 und verantwortlich f\u00fcr den Inhalt der Seite:Ursi Schiegnitz, Steuer-Nr. 31\/510\/63731 Datenschutzerkl\u00e4rung DatenschutzDie Betreiber dieser Seiten nehmen den Schutz Ihrer pers\u00f6nlichen Daten sehr ernst. Wir behandeln Ihre personenbezogenen Daten vertraulich [&hellip;]<\/p>\n","protected":false},"author":1,"featured_media":0,"parent":0,"menu_order":0,"comment_status":"closed","ping_status":"closed","template":"","meta":{"footnotes":""},"class_list":["post-466","page","type-page","status-publish","hentry"],"jetpack_sharing_enabled":true,"_links":{"self":[{"href":"https:\/\/ursischiegnitz.de\/art\/wp-json\/wp\/v2\/pages\/466","targetHints":{"allow":["GET"]}}],"collection":[{"href":"https:\/\/ursischiegnitz.de\/art\/wp-json\/wp\/v2\/pages"}],"about":[{"href":"https:\/\/ursischiegnitz.de\/art\/wp-json\/wp\/v2\/types\/page"}],"author":[{"embeddable":true,"href":"https:\/\/ursischiegnitz.de\/art\/wp-json\/wp\/v2\/users\/1"}],"replies":[{"embeddable":true,"href":"https:\/\/ursischiegnitz.de\/art\/wp-json\/wp\/v2\/comments?post=466"}],"version-history":[{"count":2,"href":"https:\/\/ursischiegnitz.de\/art\/wp-json\/wp\/v2\/pages\/466\/revisions"}],"predecessor-version":[{"id":469,"href":"https:\/\/ursischiegnitz.de\/art\/wp-json\/wp\/v2\/pages\/466\/revisions\/469"}],"wp:attachment":[{"href":"https:\/\/ursischiegnitz.de\/art\/wp-json\/wp\/v2\/media?parent=466"}],"curies":[{"name":"wp","href":"https:\/\/api.w.org\/{rel}","templated":true}]}}